{"id":551,"date":"2020-02-23T20:57:57","date_gmt":"2020-02-23T19:57:57","guid":{"rendered":"https:\/\/kornatiyachting.hr\/gdje-jesti-u-biogradu\/"},"modified":"2020-04-25T14:35:33","modified_gmt":"2020-04-25T12:35:33","slug":"where-to-eat-in-biograd","status":"publish","type":"page","link":"https:\/\/kornatiyachting.hr\/en\/where-to-eat-in-biograd\/","title":{"rendered":"Where to eat in Biograd"},"content":{"rendered":"<section class=\"wpb-content-wrapper\"><p>[vc_row][vc_column][vc_column_text]We have selected for you several taverns, restaurants and pizzerias in the area of Biograd na Moru. To the delight![\/vc_column_text][\/vc_column][\/vc_row][vc_row][vc_column][vc_tta_tabs][vc_tta_section title=&#8221;Tavern&#8221; tab_id=&#8221;1582487701858-800e4331-fa60&#8243;][vc_column_text]<\/p>\n<div class=\"vc_row wpb_row vc_inner vc_row-fluid vc_row-o-equal-height vc_row-flex\">\n<div class=\"wpb_column vc_column_container vc_col-sm-4\">\n<div class=\"vc_column-inner \">\n<div class=\"wpb_wrapper\">\n<h4>Konoba Aquarium<\/h4>\n<div class=\"title-block5\"><\/div>\n<div class=\"wpb_text_column wpb_content_element \">\n<div class=\"wpb_wrapper\">\n<p>Obala kralja Petra Kre\u0161imira IV 10, 23210 Biograd na Moru<br \/>\nTel: +385 (0)23 383 883<br \/>\nMob: +385 (0)91 549 10 61<\/p>\n<\/div>\n<\/div>\n<\/div>\n<\/div>\n<\/div>\n<div class=\"wpb_column vc_column_container vc_col-sm-4\">\n<div class=\"vc_column-inner \">\n<div class=\"wpb_wrapper\">\n<h4>Konoba Mare<\/h4>\n<div class=\"title-block5\"><\/div>\n<div class=\"wpb_text_column wpb_content_element \">\n<div class=\"wpb_wrapper\">\n<p>Trg hrvatskih velikana 4<br \/>\n23210 Biograd na Moru<br \/>\nTel: +385 (0)23 384 915<br \/>\nMob: +385 (0)95 869 34 53<br \/>\nE-mail:\u00a0<a href=\"mailto:info@konoba-mare.com\">info@konoba-mare.com\u00a0<\/a><br \/>\nWeb:\u00a0<a href=\"http:\/\/www.konoba-mare.com\/\" target=\"_blank\" rel=\"noopener noreferrer\">www.konoba-mare.com<\/a><\/p>\n<\/div>\n<\/div>\n<\/div>\n<\/div>\n<\/div>\n<div class=\"wpb_column vc_column_container vc_col-sm-4\">\n<div class=\"vc_column-inner \">\n<div class=\"wpb_wrapper\">\n<h4>Konoba Vapor<\/h4>\n<div class=\"title-block5\"><\/div>\n<div class=\"wpb_text_column wpb_content_element \">\n<div class=\"wpb_wrapper\">\n<p>Obala kralja Petra Kre\u0161imira IV 24<br \/>\n23210 Biograd na Moru<br \/>\nTel: +385 (0)23 385 482<br \/>\nMob: +385 (0)91 544 90 39<br \/>\nWeb:\u00a0<a href=\"http:\/\/www.vapor.hr\/\" target=\"_blank\" rel=\"noopener noreferrer\">www.vapor.hr<\/a><\/p>\n<\/div>\n<\/div>\n<\/div>\n<\/div>\n<\/div>\n<\/div>\n<div class=\"vc_row wpb_row vc_inner vc_row-fluid\">\n<div class=\"wpb_column vc_column_container vc_col-sm-4\">\n<div class=\"vc_column-inner \">\n<div class=\"wpb_wrapper\">\n<h4>Konoba Bazilika<\/h4>\n<div class=\"title-block5\"><\/div>\n<div class=\"wpb_text_column wpb_content_element \">\n<div class=\"wpb_wrapper\">\n<p>Sv. Ivana 5<br \/>\n23210 Biograd na Moru<br \/>\nTe.: +385 (0)23 384 451<br \/>\nFax: +385 (0)23 384 577<br \/>\nMob: +385 (0)91 152 01 49, (0)91 530 02 97<br \/>\nE-mail:\u00a0<a href=\"mailto:nm.poljak@gmail.com\">nm.poljak@gmail.com<\/a><br \/>\nWeb:\u00a0<a href=\"http:\/\/www.konoba-bazilika.com\/\" target=\"_blank\" rel=\"noopener noreferrer\">www.konoba-bazilika.com<\/a><\/p>\n<\/div>\n<\/div>\n<\/div>\n<\/div>\n<\/div>\n<div class=\"wpb_column vc_column_container vc_col-sm-4\">\n<div class=\"vc_column-inner \">\n<div class=\"wpb_wrapper\">\n<h4>Konoba Barba<\/h4>\n<div class=\"title-block5\"><\/div>\n<div class=\"wpb_text_column wpb_content_element \">\n<div class=\"wpb_wrapper\">\n<p>Frankopanska 2<br \/>\n23210 Biograd<br \/>\nTel: + 385 (0)23 383 087<\/p>\n<\/div>\n<\/div>\n<\/div>\n<\/div>\n<\/div>\n<\/div>\n<p>[\/vc_column_text][\/vc_tta_section][vc_tta_section title=&#8221;Restaurants&#8221; tab_id=&#8221;1582487701877-07e5d8e5-0cd8&#8243;][vc_column_text]<\/p>\n<div class=\"vc_row wpb_row vc_inner vc_row-fluid vc_row-o-equal-height vc_row-flex\">\n<div class=\"wpb_column vc_column_container vc_col-sm-4\">\n<div class=\"vc_column-inner \">\n<div class=\"wpb_wrapper\">\n<h4>Restoran Marina Kornati<\/h4>\n<div class=\"title-block5\"><\/div>\n<div class=\"wpb_text_column wpb_content_element \">\n<div class=\"wpb_wrapper\">\n<p>\u0160etali\u0161te Dra\u017eica 3<br \/>\nHR-23210 Biograd na Moru<br \/>\nTel\/fax: +385 (0)23 385 303<br \/>\nMob: +385 (0)98 757 394<br \/>\nE-mail:\u00a0<a href=\"mailto:arkada@zd.t-com.hr\">arkada@zd.t-com.hr<\/a><br \/>\nWeb:\u00a0<a href=\"http:\/\/www.restoran-arkada.com\/\" target=\"_blank\" rel=\"noopener noreferrer\">www.restoran-arkada.com<\/a><\/p>\n<\/div>\n<\/div>\n<\/div>\n<\/div>\n<\/div>\n<div class=\"wpb_column vc_column_container vc_col-sm-4\">\n<div class=\"vc_column-inner \">\n<div class=\"wpb_wrapper\">\n<h4>Restoran Guste<\/h4>\n<div class=\"title-block5\"><\/div>\n<div class=\"wpb_text_column wpb_content_element \">\n<div class=\"wpb_wrapper\">\n<p>Obala kralja Petra Kre\u0161imira IV<br \/>\n23210 Biograd na Moru<br \/>\nTel: +385 (0)23 382 025<br \/>\nMob: +385 (0)98 161 41 30<br \/>\nE-mail:<a href=\"mailto:guste@zd.t-com.hr\">\u00a0guste@zd.t-com.hr<\/a><br \/>\nWeb:\u00a0<a href=\"http:\/\/www.restoran-guste.com\/\" target=\"_blank\" rel=\"noopener noreferrer\">www.restoran-guste.com<\/a><\/p>\n<\/div>\n<\/div>\n<\/div>\n<\/div>\n<\/div>\n<div class=\"wpb_column vc_column_container vc_col-sm-4\">\n<div class=\"vc_column-inner \">\n<div class=\"wpb_wrapper\">\n<h4>Restoran Riva<\/h4>\n<div class=\"title-block5\"><\/div>\n<div class=\"wpb_text_column wpb_content_element \">\n<div class=\"wpb_wrapper\">\n<p>Obala kralja Petra Kre\u0161imira IV\u00a0 5<br \/>\n23210 Biograd na Moru<br \/>\nTel: +385 (0)23 384 768<\/p>\n<\/div>\n<\/div>\n<\/div>\n<\/div>\n<\/div>\n<\/div>\n<div class=\"vc_row wpb_row vc_inner vc_row-fluid vc_row-o-equal-height vc_row-flex\">\n<div class=\"wpb_column vc_column_container vc_col-sm-4\">\n<div class=\"vc_column-inner \">\n<div class=\"wpb_wrapper\">\n<h4>Restoran Roko<\/h4>\n<div class=\"title-block5\"><\/div>\n<div class=\"wpb_text_column wpb_content_element \">\n<div class=\"wpb_wrapper\">\n<p>Obala kralja Petra Kre\u0161imira IV\u00a0 31<br \/>\nHR-23210 Biograd na Moru<br \/>\nTel: +385 (0)23 386 201<br \/>\nMob: +385 (0)95 501 07 62<\/p>\n<\/div>\n<\/div>\n<\/div>\n<\/div>\n<\/div>\n<\/div>\n<p>[\/vc_column_text][\/vc_tta_section][vc_tta_section title=&#8221;Pizzerias&#8221; tab_id=&#8221;1582487795911-1961c16c-fa70&#8243;][vc_column_text]<\/p>\n<div class=\"wpb_column vc_column_container vc_col-sm-4\">\n<div class=\"vc_column-inner \">\n<div class=\"wpb_wrapper\">\n<h4>Pizzeria Mama Mia<\/h4>\n<div class=\"title-block5\"><\/div>\n<div class=\"wpb_text_column wpb_content_element \">\n<div class=\"wpb_wrapper\">\n<p>Grgura Ninskog 2<br \/>\n23210 Biograd na Moru<br \/>\nTel: +385 (0)23 384 659,<br \/>\nE-mail:\u00a0pizzeria.mamma.mia77@gmail.com<\/p>\n<\/div>\n<\/div>\n<\/div>\n<\/div>\n<\/div>\n<div class=\"wpb_column vc_column_container vc_col-sm-4\">\n<div class=\"vc_column-inner \">\n<div class=\"wpb_wrapper\">\n<h4>Pizzeria Cocolino<\/h4>\n<div class=\"title-block5\"><\/div>\n<div class=\"wpb_text_column wpb_content_element \">\n<div class=\"wpb_wrapper\">\n<p>Kraljice Jelene 22<br \/>\nHR-23210 Biograd na Moru<br \/>\nTel:+385 23 383 538<br \/>\nMob: +385 (0)98 392 826<\/p>\n<\/div>\n<\/div>\n<\/div>\n<\/div>\n<\/div>\n<div class=\"wpb_column vc_column_container vc_col-sm-4\">\n<div class=\"vc_column-inner \">\n<div class=\"wpb_wrapper\">\n<h4>Pizzeria &amp; spagettheria Casa Vecchia<\/h4>\n<div class=\"title-block5\"><\/div>\n<div class=\"wpb_text_column wpb_content_element \">\n<div class=\"wpb_wrapper\">\n<p>Kolomanova 30<br \/>\nHR-23210 Biograd na Moru<br \/>\nTel: +385 (0)23 383 220<br \/>\nMob: +385 (0)91 767 38 39<br \/>\nE-mail:\u00a0ivicajel75@gmail.com<\/p>\n<\/div>\n<\/div>\n<\/div>\n<\/div>\n<\/div>\n<p>[\/vc_column_text][\/vc_tta_section][\/vc_tta_tabs][\/vc_column][\/vc_row]<\/p>\n<\/section>","protected":false},"excerpt":{"rendered":"<p>[vc_row][vc_column][vc_column_text]We have selected for you several taverns, restaurants and pizzerias in the area of Biograd na Moru. To the delight![\/vc_column_text][\/vc_column][\/vc_row][vc_row][vc_column][vc_tta_tabs][vc_tta_section title=&#8221;Tavern&#8221; tab_id=&#8221;1582487701858-800e4331-fa60&#8243;][vc_column_text] Konoba Aquarium Obala kralja<span class=\"excerpt-hellip\"> [\u2026]<\/span><\/p>\n","protected":false},"author":2,"featured_media":0,"parent":0,"menu_order":0,"comment_status":"closed","ping_status":"closed","template":"","meta":[],"yoast_head":"<!-- This site is optimized with the Yoast SEO plugin v20.10 - https:\/\/yoast.com\/wordpress\/plugins\/seo\/ -->\n<title>Where to eat in Biograd - Kornati Yachting<\/title>\n<meta name=\"robots\" content=\"index, follow, max-snippet:-1, max-image-preview:large, max-video-preview:-1\" \/>\n<link rel=\"canonical\" href=\"https:\/\/kornatiyachting.hr\/en\/where-to-eat-in-biograd\/\" \/>\n<meta property=\"og:locale\" content=\"en_US\" \/>\n<meta property=\"og:type\" content=\"article\" \/>\n<meta property=\"og:title\" content=\"Where to eat in Biograd - Kornati Yachting\" \/>\n<meta property=\"og:description\" content=\"[vc_row][vc_column][vc_column_text]We have selected for you several taverns, restaurants and pizzerias in the area of Biograd na Moru. To the delight![\/vc_column_text][\/vc_column][\/vc_row][vc_row][vc_column][vc_tta_tabs][vc_tta_section title=&#8221;Tavern&#8221; tab_id=&#8221;1582487701858-800e4331-fa60&#8243;][vc_column_text] Konoba Aquarium Obala kralja [\u2026]\" \/>\n<meta property=\"og:url\" content=\"https:\/\/kornatiyachting.hr\/en\/where-to-eat-in-biograd\/\" \/>\n<meta property=\"og:site_name\" content=\"Kornati Yachting\" \/>\n<meta property=\"article:modified_time\" content=\"2020-04-25T12:35:33+00:00\" \/>\n<meta name=\"twitter:card\" content=\"summary_large_image\" \/>\n<meta name=\"twitter:label1\" content=\"Est. reading time\" \/>\n\t<meta name=\"twitter:data1\" content=\"1 minute\" \/>\n<script type=\"application\/ld+json\" class=\"yoast-schema-graph\">{\"@context\":\"https:\/\/schema.org\",\"@graph\":[{\"@type\":\"WebPage\",\"@id\":\"https:\/\/kornatiyachting.hr\/en\/where-to-eat-in-biograd\/\",\"url\":\"https:\/\/kornatiyachting.hr\/en\/where-to-eat-in-biograd\/\",\"name\":\"Where to eat in Biograd - Kornati Yachting\",\"isPartOf\":{\"@id\":\"https:\/\/kornatiyachting.hr\/#website\"},\"datePublished\":\"2020-02-23T19:57:57+00:00\",\"dateModified\":\"2020-04-25T12:35:33+00:00\",\"breadcrumb\":{\"@id\":\"https:\/\/kornatiyachting.hr\/en\/where-to-eat-in-biograd\/#breadcrumb\"},\"inLanguage\":\"en-US\",\"potentialAction\":[{\"@type\":\"ReadAction\",\"target\":[\"https:\/\/kornatiyachting.hr\/en\/where-to-eat-in-biograd\/\"]}]},{\"@type\":\"BreadcrumbList\",\"@id\":\"https:\/\/kornatiyachting.hr\/en\/where-to-eat-in-biograd\/#breadcrumb\",\"itemListElement\":[{\"@type\":\"ListItem\",\"position\":1,\"name\":\"Po\u010detna stranica\",\"item\":\"https:\/\/kornatiyachting.hr\/en\/\"},{\"@type\":\"ListItem\",\"position\":2,\"name\":\"Where to eat in Biograd\"}]},{\"@type\":\"WebSite\",\"@id\":\"https:\/\/kornatiyachting.hr\/#website\",\"url\":\"https:\/\/kornatiyachting.hr\/\",\"name\":\"Kornati Yachting\",\"description\":\"\",\"potentialAction\":[{\"@type\":\"SearchAction\",\"target\":{\"@type\":\"EntryPoint\",\"urlTemplate\":\"https:\/\/kornatiyachting.hr\/?s={search_term_string}\"},\"query-input\":\"required name=search_term_string\"}],\"inLanguage\":\"en-US\"}]}<\/script>\n<!-- \/ Yoast SEO plugin. -->","yoast_head_json":{"title":"Where to eat in Biograd - Kornati Yachting","robots":{"index":"index","follow":"follow","max-snippet":"max-snippet:-1","max-image-preview":"max-image-preview:large","max-video-preview":"max-video-preview:-1"},"canonical":"https:\/\/kornatiyachting.hr\/en\/where-to-eat-in-biograd\/","og_locale":"en_US","og_type":"article","og_title":"Where to eat in Biograd - Kornati Yachting","og_description":"[vc_row][vc_column][vc_column_text]We have selected for you several taverns, restaurants and pizzerias in the area of Biograd na Moru. To the delight![\/vc_column_text][\/vc_column][\/vc_row][vc_row][vc_column][vc_tta_tabs][vc_tta_section title=&#8221;Tavern&#8221; tab_id=&#8221;1582487701858-800e4331-fa60&#8243;][vc_column_text] Konoba Aquarium Obala kralja [\u2026]","og_url":"https:\/\/kornatiyachting.hr\/en\/where-to-eat-in-biograd\/","og_site_name":"Kornati Yachting","article_modified_time":"2020-04-25T12:35:33+00:00","twitter_card":"summary_large_image","twitter_misc":{"Est. reading time":"1 minute"},"schema":{"@context":"https:\/\/schema.org","@graph":[{"@type":"WebPage","@id":"https:\/\/kornatiyachting.hr\/en\/where-to-eat-in-biograd\/","url":"https:\/\/kornatiyachting.hr\/en\/where-to-eat-in-biograd\/","name":"Where to eat in Biograd - Kornati Yachting","isPartOf":{"@id":"https:\/\/kornatiyachting.hr\/#website"},"datePublished":"2020-02-23T19:57:57+00:00","dateModified":"2020-04-25T12:35:33+00:00","breadcrumb":{"@id":"https:\/\/kornatiyachting.hr\/en\/where-to-eat-in-biograd\/#breadcrumb"},"inLanguage":"en-US","potentialAction":[{"@type":"ReadAction","target":["https:\/\/kornatiyachting.hr\/en\/where-to-eat-in-biograd\/"]}]},{"@type":"BreadcrumbList","@id":"https:\/\/kornatiyachting.hr\/en\/where-to-eat-in-biograd\/#breadcrumb","itemListElement":[{"@type":"ListItem","position":1,"name":"Po\u010detna stranica","item":"https:\/\/kornatiyachting.hr\/en\/"},{"@type":"ListItem","position":2,"name":"Where to eat in Biograd"}]},{"@type":"WebSite","@id":"https:\/\/kornatiyachting.hr\/#website","url":"https:\/\/kornatiyachting.hr\/","name":"Kornati Yachting","description":"","potentialAction":[{"@type":"SearchAction","target":{"@type":"EntryPoint","urlTemplate":"https:\/\/kornatiyachting.hr\/?s={search_term_string}"},"query-input":"required name=search_term_string"}],"inLanguage":"en-US"}]}},"_links":{"self":[{"href":"https:\/\/kornatiyachting.hr\/en\/wp-json\/wp\/v2\/pages\/551"}],"collection":[{"href":"https:\/\/kornatiyachting.hr\/en\/wp-json\/wp\/v2\/pages"}],"about":[{"href":"https:\/\/kornatiyachting.hr\/en\/wp-json\/wp\/v2\/types\/page"}],"author":[{"embeddable":true,"href":"https:\/\/kornatiyachting.hr\/en\/wp-json\/wp\/v2\/users\/2"}],"replies":[{"embeddable":true,"href":"https:\/\/kornatiyachting.hr\/en\/wp-json\/wp\/v2\/comments?post=551"}],"version-history":[{"count":4,"href":"https:\/\/kornatiyachting.hr\/en\/wp-json\/wp\/v2\/pages\/551\/revisions"}],"predecessor-version":[{"id":771,"href":"https:\/\/kornatiyachting.hr\/en\/wp-json\/wp\/v2\/pages\/551\/revisions\/771"}],"wp:attachment":[{"href":"https:\/\/kornatiyachting.hr\/en\/wp-json\/wp\/v2\/media?parent=551"}],"curies":[{"name":"wp","href":"https:\/\/api.w.org\/{rel}","templated":true}]}}