{"id":531,"date":"2020-02-23T21:03:49","date_gmt":"2020-02-23T20:03:49","guid":{"rendered":"https:\/\/kornatiyachting.hr\/aerodromi\/"},"modified":"2023-01-25T21:27:04","modified_gmt":"2023-01-25T20:27:04","slug":"airports","status":"publish","type":"page","link":"https:\/\/kornatiyachting.hr\/en\/airports\/","title":{"rendered":"Airports"},"content":{"rendered":"<section class=\"wpb-content-wrapper\"><p>[vc_row][vc_column width=&#8221;1\/3&#8243;][vc_column_text]<\/p>\n<h4>Zadar Airport<\/h4>\n<p>Ulica I\/2A,<br \/>\n23222 Zemunik Donji, Croatia<\/p>\n<p>E-mail:\u00a0<a href=\"mailto:info@zadar-airport.hr\">info@zadar-airport.hr<\/a><\/p>\n<p>Tel: +385 (0)23 205 800<\/p>\n<p><a href=\"http:\/\/www.zadar-airport.hr\/\" target=\"_blank\" rel=\"noopener noreferrer\">www.zadar-airport.hr<\/a>[\/vc_column_text][\/vc_column][vc_column width=&#8221;1\/3&#8243;][vc_column_text]<\/p>\n<h4>Split Airport<\/h4>\n<p>Cesta dr. Franje Tu\u0111mana 1270<br \/>\n21217 Ka\u0161tel \u0160tafili\u0107, Croatia<\/p>\n<p>Te: +385 (0)21 203 555<\/p>\n<p><a href=\"http:\/\/www.split-airport.hr\/index.php?lang=hr\" target=\"_blank\" rel=\"noopener noreferrer\">www.split-airport.hr<\/a>[\/vc_column_text][\/vc_column][vc_column width=&#8221;1\/3&#8243;][vc_column_text]<iframe loading=\"lazy\" src=\"https:\/\/www.google.com\/maps\/d\/u\/0\/embed?mid=16AZRFHe2TLCyghJ15dh_GnVN4sLJ7iQ&amp;ehbc=2E312F\" width=\"480\" height=\"200\"><\/iframe>[\/vc_column_text][\/vc_column][\/vc_row]<\/p>\n<\/section>","protected":false},"excerpt":{"rendered":"<p>[vc_row][vc_column width=&#8221;1\/3&#8243;][vc_column_text] Zadar Airport Ulica I\/2A, 23222 Zemunik Donji, Croatia E-mail:\u00a0info@zadar-airport.hr Tel: +385 (0)23 205 800 www.zadar-airport.hr[\/vc_column_text][\/vc_column][vc_column width=&#8221;1\/3&#8243;][vc_column_text] Split Airport Cesta dr. Franje Tu\u0111mana 1270 21217<span class=\"excerpt-hellip\"> [\u2026]<\/span><\/p>\n","protected":false},"author":2,"featured_media":0,"parent":0,"menu_order":0,"comment_status":"closed","ping_status":"closed","template":"","meta":[],"yoast_head":"<!-- This site is optimized with the Yoast SEO plugin v20.10 - https:\/\/yoast.com\/wordpress\/plugins\/seo\/ -->\n<title>Airports - Kornati Yachting<\/title>\n<meta name=\"robots\" content=\"index, follow, max-snippet:-1, max-image-preview:large, max-video-preview:-1\" \/>\n<link rel=\"canonical\" href=\"https:\/\/kornatiyachting.hr\/en\/airports\/\" \/>\n<meta property=\"og:locale\" content=\"en_US\" \/>\n<meta property=\"og:type\" content=\"article\" \/>\n<meta property=\"og:title\" content=\"Airports - Kornati Yachting\" \/>\n<meta property=\"og:description\" content=\"[vc_row][vc_column width=&#8221;1\/3&#8243;][vc_column_text] Zadar Airport Ulica I\/2A, 23222 Zemunik Donji, Croatia E-mail:\u00a0info@zadar-airport.hr Tel: +385 (0)23 205 800 www.zadar-airport.hr[\/vc_column_text][\/vc_column][vc_column width=&#8221;1\/3&#8243;][vc_column_text] Split Airport Cesta dr. Franje Tu\u0111mana 1270 21217 [\u2026]\" \/>\n<meta property=\"og:url\" content=\"https:\/\/kornatiyachting.hr\/en\/airports\/\" \/>\n<meta property=\"og:site_name\" content=\"Kornati Yachting\" \/>\n<meta property=\"article:modified_time\" content=\"2023-01-25T20:27:04+00:00\" \/>\n<meta name=\"twitter:card\" content=\"summary_large_image\" \/>\n<meta name=\"twitter:label1\" content=\"Est. reading time\" \/>\n\t<meta name=\"twitter:data1\" content=\"1 minute\" \/>\n<script type=\"application\/ld+json\" class=\"yoast-schema-graph\">{\"@context\":\"https:\/\/schema.org\",\"@graph\":[{\"@type\":\"WebPage\",\"@id\":\"https:\/\/kornatiyachting.hr\/en\/airports\/\",\"url\":\"https:\/\/kornatiyachting.hr\/en\/airports\/\",\"name\":\"Airports - Kornati Yachting\",\"isPartOf\":{\"@id\":\"https:\/\/kornatiyachting.hr\/#website\"},\"datePublished\":\"2020-02-23T20:03:49+00:00\",\"dateModified\":\"2023-01-25T20:27:04+00:00\",\"breadcrumb\":{\"@id\":\"https:\/\/kornatiyachting.hr\/en\/airports\/#breadcrumb\"},\"inLanguage\":\"en-US\",\"potentialAction\":[{\"@type\":\"ReadAction\",\"target\":[\"https:\/\/kornatiyachting.hr\/en\/airports\/\"]}]},{\"@type\":\"BreadcrumbList\",\"@id\":\"https:\/\/kornatiyachting.hr\/en\/airports\/#breadcrumb\",\"itemListElement\":[{\"@type\":\"ListItem\",\"position\":1,\"name\":\"Po\u010detna stranica\",\"item\":\"https:\/\/kornatiyachting.hr\/en\/\"},{\"@type\":\"ListItem\",\"position\":2,\"name\":\"Airports\"}]},{\"@type\":\"WebSite\",\"@id\":\"https:\/\/kornatiyachting.hr\/#website\",\"url\":\"https:\/\/kornatiyachting.hr\/\",\"name\":\"Kornati Yachting\",\"description\":\"\",\"potentialAction\":[{\"@type\":\"SearchAction\",\"target\":{\"@type\":\"EntryPoint\",\"urlTemplate\":\"https:\/\/kornatiyachting.hr\/?s={search_term_string}\"},\"query-input\":\"required name=search_term_string\"}],\"inLanguage\":\"en-US\"}]}<\/script>\n<!-- \/ Yoast SEO plugin. -->","yoast_head_json":{"title":"Airports - Kornati Yachting","robots":{"index":"index","follow":"follow","max-snippet":"max-snippet:-1","max-image-preview":"max-image-preview:large","max-video-preview":"max-video-preview:-1"},"canonical":"https:\/\/kornatiyachting.hr\/en\/airports\/","og_locale":"en_US","og_type":"article","og_title":"Airports - Kornati Yachting","og_description":"[vc_row][vc_column width=&#8221;1\/3&#8243;][vc_column_text] Zadar Airport Ulica I\/2A, 23222 Zemunik Donji, Croatia E-mail:\u00a0info@zadar-airport.hr Tel: +385 (0)23 205 800 www.zadar-airport.hr[\/vc_column_text][\/vc_column][vc_column width=&#8221;1\/3&#8243;][vc_column_text] Split Airport Cesta dr. Franje Tu\u0111mana 1270 21217 [\u2026]","og_url":"https:\/\/kornatiyachting.hr\/en\/airports\/","og_site_name":"Kornati Yachting","article_modified_time":"2023-01-25T20:27:04+00:00","twitter_card":"summary_large_image","twitter_misc":{"Est. reading time":"1 minute"},"schema":{"@context":"https:\/\/schema.org","@graph":[{"@type":"WebPage","@id":"https:\/\/kornatiyachting.hr\/en\/airports\/","url":"https:\/\/kornatiyachting.hr\/en\/airports\/","name":"Airports - Kornati Yachting","isPartOf":{"@id":"https:\/\/kornatiyachting.hr\/#website"},"datePublished":"2020-02-23T20:03:49+00:00","dateModified":"2023-01-25T20:27:04+00:00","breadcrumb":{"@id":"https:\/\/kornatiyachting.hr\/en\/airports\/#breadcrumb"},"inLanguage":"en-US","potentialAction":[{"@type":"ReadAction","target":["https:\/\/kornatiyachting.hr\/en\/airports\/"]}]},{"@type":"BreadcrumbList","@id":"https:\/\/kornatiyachting.hr\/en\/airports\/#breadcrumb","itemListElement":[{"@type":"ListItem","position":1,"name":"Po\u010detna stranica","item":"https:\/\/kornatiyachting.hr\/en\/"},{"@type":"ListItem","position":2,"name":"Airports"}]},{"@type":"WebSite","@id":"https:\/\/kornatiyachting.hr\/#website","url":"https:\/\/kornatiyachting.hr\/","name":"Kornati Yachting","description":"","potentialAction":[{"@type":"SearchAction","target":{"@type":"EntryPoint","urlTemplate":"https:\/\/kornatiyachting.hr\/?s={search_term_string}"},"query-input":"required name=search_term_string"}],"inLanguage":"en-US"}]}},"_links":{"self":[{"href":"https:\/\/kornatiyachting.hr\/en\/wp-json\/wp\/v2\/pages\/531"}],"collection":[{"href":"https:\/\/kornatiyachting.hr\/en\/wp-json\/wp\/v2\/pages"}],"about":[{"href":"https:\/\/kornatiyachting.hr\/en\/wp-json\/wp\/v2\/types\/page"}],"author":[{"embeddable":true,"href":"https:\/\/kornatiyachting.hr\/en\/wp-json\/wp\/v2\/users\/2"}],"replies":[{"embeddable":true,"href":"https:\/\/kornatiyachting.hr\/en\/wp-json\/wp\/v2\/comments?post=531"}],"version-history":[{"count":4,"href":"https:\/\/kornatiyachting.hr\/en\/wp-json\/wp\/v2\/pages\/531\/revisions"}],"predecessor-version":[{"id":850,"href":"https:\/\/kornatiyachting.hr\/en\/wp-json\/wp\/v2\/pages\/531\/revisions\/850"}],"wp:attachment":[{"href":"https:\/\/kornatiyachting.hr\/en\/wp-json\/wp\/v2\/media?parent=531"}],"curies":[{"name":"wp","href":"https:\/\/api.w.org\/{rel}","templated":true}]}}