{"id":661,"date":"2020-02-21T14:23:32","date_gmt":"2020-02-21T13:23:32","guid":{"rendered":"https:\/\/kornatiyachting.hr\/servis-i-odrzavanje\/"},"modified":"2020-05-14T11:24:59","modified_gmt":"2020-05-14T09:24:59","slug":"service-und-wartung","status":"publish","type":"page","link":"https:\/\/kornatiyachting.hr\/de\/service-und-wartung\/","title":{"rendered":"Service und Wartung"},"content":{"rendered":"<section class=\"wpb-content-wrapper\"><p>[vc_row][vc_column width=&#8220;1\/2&#8243;][vc_column_text]<strong>Bootsreinigung<\/strong><\/p>\n<p>Wir bieten Bootsbesitzern oder Unternehmen, die im Vermietungsgesch\u00e4ft t\u00e4tig sind, einen kompletten Bootsreinigungsservice an.<\/p>\n<p><strong>Schiffswartung und -service<\/strong><\/p>\n<ul>\n<li>Bootsservice<\/li>\n<li>Wartung von Schiffen auf trockenem Liegeplatz das ganze Jahr \u00fcber<\/li>\n<\/ul>\n<p><strong>Reinigung und Wartung von Gesch\u00e4ftsr\u00e4umen und Geb\u00e4uden<\/strong><\/p>\n<p>Au\u00dferhalb der Saison ist unsere Hauptt\u00e4tigkeit die Bereitstellung von Reinigungsdiensten f\u00fcr Gesch\u00e4fts- und Wohnr\u00e4ume[\/vc_column_text][\/vc_column][vc_column width=&#8220;1\/2&#8243;][vc_single_image image=&#8220;474&#8243; img_size=&#8220;full&#8220;][\/vc_column][\/vc_row][vc_row][vc_column][vc_masonry_media_grid grid_id=&#8220;vc_gid:1589448191663-07e06f7a-9dfd-10&#8243; include=&#8220;476,478,480&#8243;][\/vc_column][\/vc_row]<\/p>\n<\/section>","protected":false},"excerpt":{"rendered":"<p>[vc_row][vc_column width=&#8220;1\/2&#8243;][vc_column_text]Bootsreinigung Wir bieten Bootsbesitzern oder Unternehmen, die im Vermietungsgesch\u00e4ft t\u00e4tig sind, einen kompletten Bootsreinigungsservice an. Schiffswartung und -service Bootsservice Wartung von Schiffen auf trockenem Liegeplatz<span class=\"excerpt-hellip\"> [\u2026]<\/span><\/p>\n","protected":false},"author":1,"featured_media":0,"parent":0,"menu_order":0,"comment_status":"closed","ping_status":"closed","template":"","meta":[],"yoast_head":"<!-- This site is optimized with the Yoast SEO plugin v20.10 - https:\/\/yoast.com\/wordpress\/plugins\/seo\/ -->\n<title>Service und Wartung - Kornati Yachting<\/title>\n<meta name=\"robots\" content=\"index, follow, max-snippet:-1, max-image-preview:large, max-video-preview:-1\" \/>\n<link rel=\"canonical\" href=\"https:\/\/kornatiyachting.hr\/de\/service-und-wartung\/\" \/>\n<meta property=\"og:locale\" content=\"de_DE\" \/>\n<meta property=\"og:type\" content=\"article\" \/>\n<meta property=\"og:title\" content=\"Service und Wartung - Kornati Yachting\" \/>\n<meta property=\"og:description\" content=\"[vc_row][vc_column width=&#8220;1\/2&#8243;][vc_column_text]Bootsreinigung Wir bieten Bootsbesitzern oder Unternehmen, die im Vermietungsgesch\u00e4ft t\u00e4tig sind, einen kompletten Bootsreinigungsservice an. Schiffswartung und -service Bootsservice Wartung von Schiffen auf trockenem Liegeplatz [\u2026]\" \/>\n<meta property=\"og:url\" content=\"https:\/\/kornatiyachting.hr\/de\/service-und-wartung\/\" \/>\n<meta property=\"og:site_name\" content=\"Kornati Yachting\" \/>\n<meta property=\"article:modified_time\" content=\"2020-05-14T09:24:59+00:00\" \/>\n<meta name=\"twitter:card\" content=\"summary_large_image\" \/>\n<meta name=\"twitter:label1\" content=\"Gesch\u00e4tzte Lesezeit\" \/>\n\t<meta name=\"twitter:data1\" content=\"1\u00a0Minute\" \/>\n<script type=\"application\/ld+json\" class=\"yoast-schema-graph\">{\"@context\":\"https:\/\/schema.org\",\"@graph\":[{\"@type\":\"WebPage\",\"@id\":\"https:\/\/kornatiyachting.hr\/de\/service-und-wartung\/\",\"url\":\"https:\/\/kornatiyachting.hr\/de\/service-und-wartung\/\",\"name\":\"Service und Wartung - Kornati Yachting\",\"isPartOf\":{\"@id\":\"https:\/\/kornatiyachting.hr\/#website\"},\"datePublished\":\"2020-02-21T13:23:32+00:00\",\"dateModified\":\"2020-05-14T09:24:59+00:00\",\"breadcrumb\":{\"@id\":\"https:\/\/kornatiyachting.hr\/de\/service-und-wartung\/#breadcrumb\"},\"inLanguage\":\"de\",\"potentialAction\":[{\"@type\":\"ReadAction\",\"target\":[\"https:\/\/kornatiyachting.hr\/de\/service-und-wartung\/\"]}]},{\"@type\":\"BreadcrumbList\",\"@id\":\"https:\/\/kornatiyachting.hr\/de\/service-und-wartung\/#breadcrumb\",\"itemListElement\":[{\"@type\":\"ListItem\",\"position\":1,\"name\":\"Po\u010detna stranica\",\"item\":\"https:\/\/kornatiyachting.hr\/de\/\"},{\"@type\":\"ListItem\",\"position\":2,\"name\":\"Service und Wartung\"}]},{\"@type\":\"WebSite\",\"@id\":\"https:\/\/kornatiyachting.hr\/#website\",\"url\":\"https:\/\/kornatiyachting.hr\/\",\"name\":\"Kornati Yachting\",\"description\":\"\",\"potentialAction\":[{\"@type\":\"SearchAction\",\"target\":{\"@type\":\"EntryPoint\",\"urlTemplate\":\"https:\/\/kornatiyachting.hr\/?s={search_term_string}\"},\"query-input\":\"required name=search_term_string\"}],\"inLanguage\":\"de\"}]}<\/script>\n<!-- \/ Yoast SEO plugin. -->","yoast_head_json":{"title":"Service und Wartung - Kornati Yachting","robots":{"index":"index","follow":"follow","max-snippet":"max-snippet:-1","max-image-preview":"max-image-preview:large","max-video-preview":"max-video-preview:-1"},"canonical":"https:\/\/kornatiyachting.hr\/de\/service-und-wartung\/","og_locale":"de_DE","og_type":"article","og_title":"Service und Wartung - Kornati Yachting","og_description":"[vc_row][vc_column width=&#8220;1\/2&#8243;][vc_column_text]Bootsreinigung Wir bieten Bootsbesitzern oder Unternehmen, die im Vermietungsgesch\u00e4ft t\u00e4tig sind, einen kompletten Bootsreinigungsservice an. Schiffswartung und -service Bootsservice Wartung von Schiffen auf trockenem Liegeplatz [\u2026]","og_url":"https:\/\/kornatiyachting.hr\/de\/service-und-wartung\/","og_site_name":"Kornati Yachting","article_modified_time":"2020-05-14T09:24:59+00:00","twitter_card":"summary_large_image","twitter_misc":{"Gesch\u00e4tzte Lesezeit":"1\u00a0Minute"},"schema":{"@context":"https:\/\/schema.org","@graph":[{"@type":"WebPage","@id":"https:\/\/kornatiyachting.hr\/de\/service-und-wartung\/","url":"https:\/\/kornatiyachting.hr\/de\/service-und-wartung\/","name":"Service und Wartung - Kornati Yachting","isPartOf":{"@id":"https:\/\/kornatiyachting.hr\/#website"},"datePublished":"2020-02-21T13:23:32+00:00","dateModified":"2020-05-14T09:24:59+00:00","breadcrumb":{"@id":"https:\/\/kornatiyachting.hr\/de\/service-und-wartung\/#breadcrumb"},"inLanguage":"de","potentialAction":[{"@type":"ReadAction","target":["https:\/\/kornatiyachting.hr\/de\/service-und-wartung\/"]}]},{"@type":"BreadcrumbList","@id":"https:\/\/kornatiyachting.hr\/de\/service-und-wartung\/#breadcrumb","itemListElement":[{"@type":"ListItem","position":1,"name":"Po\u010detna stranica","item":"https:\/\/kornatiyachting.hr\/de\/"},{"@type":"ListItem","position":2,"name":"Service und Wartung"}]},{"@type":"WebSite","@id":"https:\/\/kornatiyachting.hr\/#website","url":"https:\/\/kornatiyachting.hr\/","name":"Kornati Yachting","description":"","potentialAction":[{"@type":"SearchAction","target":{"@type":"EntryPoint","urlTemplate":"https:\/\/kornatiyachting.hr\/?s={search_term_string}"},"query-input":"required name=search_term_string"}],"inLanguage":"de"}]}},"_links":{"self":[{"href":"https:\/\/kornatiyachting.hr\/de\/wp-json\/wp\/v2\/pages\/661"}],"collection":[{"href":"https:\/\/kornatiyachting.hr\/de\/wp-json\/wp\/v2\/pages"}],"about":[{"href":"https:\/\/kornatiyachting.hr\/de\/wp-json\/wp\/v2\/types\/page"}],"author":[{"embeddable":true,"href":"https:\/\/kornatiyachting.hr\/de\/wp-json\/wp\/v2\/users\/1"}],"replies":[{"embeddable":true,"href":"https:\/\/kornatiyachting.hr\/de\/wp-json\/wp\/v2\/comments?post=661"}],"version-history":[{"count":4,"href":"https:\/\/kornatiyachting.hr\/de\/wp-json\/wp\/v2\/pages\/661\/revisions"}],"predecessor-version":[{"id":804,"href":"https:\/\/kornatiyachting.hr\/de\/wp-json\/wp\/v2\/pages\/661\/revisions\/804"}],"wp:attachment":[{"href":"https:\/\/kornatiyachting.hr\/de\/wp-json\/wp\/v2\/media?parent=661"}],"curies":[{"name":"wp","href":"https:\/\/api.w.org\/{rel}","templated":true}]}}