{"id":581,"date":"2020-02-23T21:28:40","date_gmt":"2020-02-23T20:28:40","guid":{"rendered":"https:\/\/kornatiyachting.hr\/np-kornati\/"},"modified":"2020-05-14T11:29:52","modified_gmt":"2020-05-14T09:29:52","slug":"np-kornati","status":"publish","type":"page","link":"https:\/\/kornatiyachting.hr\/de\/np-kornati\/","title":{"rendered":"NP Kornati"},"content":{"rendered":"<section class=\"wpb-content-wrapper\"><p>[vc_row][vc_column width=&#8220;1\/2&#8243;][vc_single_image image=&#8220;484&#8243; img_size=&#8220;full&#8220;][\/vc_column][vc_column width=&#8220;1\/2&#8243;][vc_column_text]<\/p>\n<h4>Kornati-Archipel<\/h4>\n<p>Der Kornati-Archipel ist mit seinen 140 Inseln der dichteste Archipel im Mittelmeer auf einer Fl\u00e4che von etwa 32 Quadratkilometern. Es wurde nach der gr\u00f6\u00dften Insel Kornati benannt.<\/p>\n<p>1980 wurden 109 der s\u00fcdlichsten der rund 14 Inseln, Inselchen und Riffe des Kornati-Archipels zum Nationalpark erkl\u00e4rt. Dadurch wurden die Inseln und ihre Meeresumwelt gesch\u00fctzt.<\/p>\n<p>Es gibt keine dauerhaften Siedlungen auf den Kornati. Einfache Wohnungen in gut gesch\u00fctzten Buchten wie Vrulja, Kravja\u010dica und Lavsa werden von der lokalen Bev\u00f6lkerung vom Festland als Notunterk\u00fcnfte genutzt.<\/p>\n<p>Die h\u00e4ufigsten Tiere sind M\u00f6wen. Es gibt auch verschiedene Arten von Eidechsen, Schlangen, 69 Arten von Schmetterlingen und einige Amphibien und Nagetiere. Die Vegetation wird von Macchia dominiert.[\/vc_column_text][\/vc_column][\/vc_row][vc_row][vc_column width=&#8220;1\/2&#8243;][vc_column_text]<\/p>\n<h4>\u00dcber den Standort<\/h4>\n<p>[\/vc_column_text][vc_tta_accordion active_section=&#8220;1&#8243;][vc_tta_section title=&#8220;Wie man dorthin kommt&#8220; tab_id=&#8220;1582489144316-fb190b65-9bed&#8220;][vc_column_text]Das Kornati-Archipel befindet sich im n\u00f6rdlichen Teil Dalmatiens, s\u00fcdlich von Zadar und westlich von \u0160ibenik im Landkreis \u0160ibenik-Knin.<\/p>\n<p>Sie k\u00f6nnen es nur mit dem Boot besuchen.<a href=\"https:\/\/kornatiyachting.hr\/de\/reservierungen\/\"> Buchen Sie Ihr Boot<\/a> \u00fcber Kornati Yachting. Wenn Sie keine Lizenz zum Betreiben eines Schiffes haben, k\u00f6nnen wir Ihnen auch lizenzierte Skipper anbieten, die Sie durch den Archipel f\u00fchren.[\/vc_column_text][\/vc_tta_section][vc_tta_section title=&#8220;Was ist zu tun&#8220; tab_id=&#8220;1582489144342-60fed223-ea8d&#8220;][vc_column_text]Segeln, Tauchen oder Schnorcheln, Schwimmen, Wandern.[\/vc_column_text][\/vc_tta_section][vc_tta_section title=&#8220;Was zu sehen&#8220; tab_id=&#8220;1582489245166-6c6c3499-fa20&#8243;][vc_column_text]<\/p>\n<div class=\"vc_tta-panel-body\">\n<div class=\"wpb_text_column wpb_content_element \">\n<div class=\"wpb_wrapper\">\n<ul>\n<li>flacher Kanal Mala Proversa<\/li>\n<li>ovale Insel Taljuri\u010d<\/li>\n<li>Spinatbucht<\/li>\n<li>Steve Bay<\/li>\n<li>Levrnaka Island (viertgr\u00f6\u00dfte)<\/li>\n<li>Karstgebiet Tarac<\/li>\n<li>Svr\u0161ata<\/li>\n<li>Gro\u00dfe Insel<\/li>\n<li>die Insel Mana<\/li>\n<li>die Insel Pi\u0161kera<\/li>\n<li>Insel Panitula Vela<\/li>\n<li>die malerische Bucht von Lavsa<\/li>\n<li>Insel Ravni Zakan<\/li>\n<li>Insel Smokvica Vela<\/li>\n<li>Opat-Halbinsel<\/li>\n<li>Insel Samograd<\/li>\n<li>Purara Island &#8211; spezielle Schutzzone, keine Inhaftierung von Personen und Schiffen<\/li>\n<li>die Insel Vrgada<\/li>\n<li>Gangarol Island<\/li>\n<\/ul>\n<p>Weitere Informationen finden Sie auf der Website von NP Kornati unter <a href=\"http:\/\/www.np-kornati.hr\/\" target=\"_blank\" rel=\"noopener noreferrer\">www.np-kornati.hr<\/a><\/p>\n<\/div>\n<\/div>\n<\/div>\n<p>[\/vc_column_text][\/vc_tta_section][\/vc_tta_accordion][\/vc_column][vc_column width=&#8220;1\/2&#8243;][vc_images_carousel images=&#8220;512,510,508,504,506,502,498,500,496,494,492,490,488,486&#8243; img_size=&#8220;full&#8220;][\/vc_column][\/vc_row][vc_row][vc_column][vc_column_text]<\/p>\n<h4 class=\"yachtchartercenter\" style=\"text-align: center;\">Karte des Kornati-Archipels<\/h4>\n<p>[\/vc_column_text]<div class=\"google-map-wrapper no_border\"><div class=\"google-map\" id=\"google-map-area-69e34fed5e7eb\" style=\"width:100%; height:300px; \">&nbsp;<\/div><\/div>\n[\/vc_column][\/vc_row]<\/p>\n<\/section>","protected":false},"excerpt":{"rendered":"<p>[vc_row][vc_column width=&#8220;1\/2&#8243;][vc_single_image image=&#8220;484&#8243; img_size=&#8220;full&#8220;][\/vc_column][vc_column width=&#8220;1\/2&#8243;][vc_column_text] Kornati-Archipel Der Kornati-Archipel ist mit seinen 140 Inseln der dichteste Archipel im Mittelmeer auf einer Fl\u00e4che von etwa 32 Quadratkilometern. Es<span class=\"excerpt-hellip\"> [\u2026]<\/span><\/p>\n","protected":false},"author":2,"featured_media":0,"parent":0,"menu_order":0,"comment_status":"closed","ping_status":"closed","template":"","meta":[],"yoast_head":"<!-- This site is optimized with the Yoast SEO plugin v20.10 - https:\/\/yoast.com\/wordpress\/plugins\/seo\/ -->\n<title>NP Kornati - Kornati Yachting<\/title>\n<meta name=\"robots\" content=\"index, follow, max-snippet:-1, max-image-preview:large, max-video-preview:-1\" \/>\n<link rel=\"canonical\" href=\"https:\/\/kornatiyachting.hr\/de\/np-kornati\/\" \/>\n<meta property=\"og:locale\" content=\"de_DE\" \/>\n<meta property=\"og:type\" content=\"article\" \/>\n<meta property=\"og:title\" content=\"NP Kornati - Kornati Yachting\" \/>\n<meta property=\"og:description\" content=\"[vc_row][vc_column width=&#8220;1\/2&#8243;][vc_single_image image=&#8220;484&#8243; img_size=&#8220;full&#8220;][\/vc_column][vc_column width=&#8220;1\/2&#8243;][vc_column_text] Kornati-Archipel Der Kornati-Archipel ist mit seinen 140 Inseln der dichteste Archipel im Mittelmeer auf einer Fl\u00e4che von etwa 32 Quadratkilometern. Es [\u2026]\" \/>\n<meta property=\"og:url\" content=\"https:\/\/kornatiyachting.hr\/de\/np-kornati\/\" \/>\n<meta property=\"og:site_name\" content=\"Kornati Yachting\" \/>\n<meta property=\"article:modified_time\" content=\"2020-05-14T09:29:52+00:00\" \/>\n<meta name=\"twitter:card\" content=\"summary_large_image\" \/>\n<meta name=\"twitter:label1\" content=\"Gesch\u00e4tzte Lesezeit\" \/>\n\t<meta name=\"twitter:data1\" content=\"2\u00a0Minuten\" \/>\n<script type=\"application\/ld+json\" class=\"yoast-schema-graph\">{\"@context\":\"https:\/\/schema.org\",\"@graph\":[{\"@type\":\"WebPage\",\"@id\":\"https:\/\/kornatiyachting.hr\/de\/np-kornati\/\",\"url\":\"https:\/\/kornatiyachting.hr\/de\/np-kornati\/\",\"name\":\"NP Kornati - Kornati Yachting\",\"isPartOf\":{\"@id\":\"https:\/\/kornatiyachting.hr\/#website\"},\"datePublished\":\"2020-02-23T20:28:40+00:00\",\"dateModified\":\"2020-05-14T09:29:52+00:00\",\"breadcrumb\":{\"@id\":\"https:\/\/kornatiyachting.hr\/de\/np-kornati\/#breadcrumb\"},\"inLanguage\":\"de\",\"potentialAction\":[{\"@type\":\"ReadAction\",\"target\":[\"https:\/\/kornatiyachting.hr\/de\/np-kornati\/\"]}]},{\"@type\":\"BreadcrumbList\",\"@id\":\"https:\/\/kornatiyachting.hr\/de\/np-kornati\/#breadcrumb\",\"itemListElement\":[{\"@type\":\"ListItem\",\"position\":1,\"name\":\"Po\u010detna stranica\",\"item\":\"https:\/\/kornatiyachting.hr\/de\/\"},{\"@type\":\"ListItem\",\"position\":2,\"name\":\"NP Kornati\"}]},{\"@type\":\"WebSite\",\"@id\":\"https:\/\/kornatiyachting.hr\/#website\",\"url\":\"https:\/\/kornatiyachting.hr\/\",\"name\":\"Kornati Yachting\",\"description\":\"\",\"potentialAction\":[{\"@type\":\"SearchAction\",\"target\":{\"@type\":\"EntryPoint\",\"urlTemplate\":\"https:\/\/kornatiyachting.hr\/?s={search_term_string}\"},\"query-input\":\"required name=search_term_string\"}],\"inLanguage\":\"de\"}]}<\/script>\n<!-- \/ Yoast SEO plugin. -->","yoast_head_json":{"title":"NP Kornati - Kornati Yachting","robots":{"index":"index","follow":"follow","max-snippet":"max-snippet:-1","max-image-preview":"max-image-preview:large","max-video-preview":"max-video-preview:-1"},"canonical":"https:\/\/kornatiyachting.hr\/de\/np-kornati\/","og_locale":"de_DE","og_type":"article","og_title":"NP Kornati - Kornati Yachting","og_description":"[vc_row][vc_column width=&#8220;1\/2&#8243;][vc_single_image image=&#8220;484&#8243; img_size=&#8220;full&#8220;][\/vc_column][vc_column width=&#8220;1\/2&#8243;][vc_column_text] Kornati-Archipel Der Kornati-Archipel ist mit seinen 140 Inseln der dichteste Archipel im Mittelmeer auf einer Fl\u00e4che von etwa 32 Quadratkilometern. Es [\u2026]","og_url":"https:\/\/kornatiyachting.hr\/de\/np-kornati\/","og_site_name":"Kornati Yachting","article_modified_time":"2020-05-14T09:29:52+00:00","twitter_card":"summary_large_image","twitter_misc":{"Gesch\u00e4tzte Lesezeit":"2\u00a0Minuten"},"schema":{"@context":"https:\/\/schema.org","@graph":[{"@type":"WebPage","@id":"https:\/\/kornatiyachting.hr\/de\/np-kornati\/","url":"https:\/\/kornatiyachting.hr\/de\/np-kornati\/","name":"NP Kornati - Kornati Yachting","isPartOf":{"@id":"https:\/\/kornatiyachting.hr\/#website"},"datePublished":"2020-02-23T20:28:40+00:00","dateModified":"2020-05-14T09:29:52+00:00","breadcrumb":{"@id":"https:\/\/kornatiyachting.hr\/de\/np-kornati\/#breadcrumb"},"inLanguage":"de","potentialAction":[{"@type":"ReadAction","target":["https:\/\/kornatiyachting.hr\/de\/np-kornati\/"]}]},{"@type":"BreadcrumbList","@id":"https:\/\/kornatiyachting.hr\/de\/np-kornati\/#breadcrumb","itemListElement":[{"@type":"ListItem","position":1,"name":"Po\u010detna stranica","item":"https:\/\/kornatiyachting.hr\/de\/"},{"@type":"ListItem","position":2,"name":"NP Kornati"}]},{"@type":"WebSite","@id":"https:\/\/kornatiyachting.hr\/#website","url":"https:\/\/kornatiyachting.hr\/","name":"Kornati Yachting","description":"","potentialAction":[{"@type":"SearchAction","target":{"@type":"EntryPoint","urlTemplate":"https:\/\/kornatiyachting.hr\/?s={search_term_string}"},"query-input":"required name=search_term_string"}],"inLanguage":"de"}]}},"_links":{"self":[{"href":"https:\/\/kornatiyachting.hr\/de\/wp-json\/wp\/v2\/pages\/581"}],"collection":[{"href":"https:\/\/kornatiyachting.hr\/de\/wp-json\/wp\/v2\/pages"}],"about":[{"href":"https:\/\/kornatiyachting.hr\/de\/wp-json\/wp\/v2\/types\/page"}],"author":[{"embeddable":true,"href":"https:\/\/kornatiyachting.hr\/de\/wp-json\/wp\/v2\/users\/2"}],"replies":[{"embeddable":true,"href":"https:\/\/kornatiyachting.hr\/de\/wp-json\/wp\/v2\/comments?post=581"}],"version-history":[{"count":3,"href":"https:\/\/kornatiyachting.hr\/de\/wp-json\/wp\/v2\/pages\/581\/revisions"}],"predecessor-version":[{"id":806,"href":"https:\/\/kornatiyachting.hr\/de\/wp-json\/wp\/v2\/pages\/581\/revisions\/806"}],"wp:attachment":[{"href":"https:\/\/kornatiyachting.hr\/de\/wp-json\/wp\/v2\/media?parent=581"}],"curies":[{"name":"wp","href":"https:\/\/api.w.org\/{rel}","templated":true}]}}