{"id":533,"date":"2020-02-23T21:03:49","date_gmt":"2020-02-23T20:03:49","guid":{"rendered":"https:\/\/kornatiyachting.hr\/aerodromi\/"},"modified":"2023-01-25T21:25:39","modified_gmt":"2023-01-25T20:25:39","slug":"flughaefen","status":"publish","type":"page","link":"https:\/\/kornatiyachting.hr\/de\/flughaefen\/","title":{"rendered":"Flugh\u00e4fen"},"content":{"rendered":"<section class=\"wpb-content-wrapper\"><p>[vc_row][vc_column width=&#8220;1\/3&#8243;][vc_column_text]<\/p>\n<h4>Flughafen Zadar<\/h4>\n<p>Ulica I\/2A,<br \/>\n23222 Zemunik Donji, Kroatien<\/p>\n<p>E-mail:\u00a0<a href=\"mailto:info@zadar-airport.hr\">info@zadar-airport.hr<\/a><\/p>\n<p>Tel: +385 (0)23 205 800<\/p>\n<p><a href=\"http:\/\/www.zadar-airport.hr\/\" target=\"_blank\" rel=\"noopener noreferrer\">www.zadar-airport.hr<\/a>[\/vc_column_text][\/vc_column][vc_column width=&#8220;1\/3&#8243;][vc_column_text]<\/p>\n<h4>Flughafen Split<\/h4>\n<p>Cesta dr. Franje Tu\u0111mana 1270<br \/>\n21217 Ka\u0161tel \u0160tafili\u0107, Kroatien<\/p>\n<p>Te: +385 (0)21 203 555<\/p>\n<p><a href=\"http:\/\/www.split-airport.hr\/index.php?lang=hr\" target=\"_blank\" rel=\"noopener noreferrer\">www.split-airport.hr<\/a>[\/vc_column_text][\/vc_column][vc_column width=&#8220;1\/3&#8243;][vc_column_text]<iframe loading=\"lazy\" src=\"https:\/\/www.google.com\/maps\/d\/u\/0\/embed?mid=16AZRFHe2TLCyghJ15dh_GnVN4sLJ7iQ&amp;ehbc=2E312F\" width=\"480\" height=\"200\"><\/iframe>[\/vc_column_text][\/vc_column][\/vc_row]<\/p>\n<\/section>","protected":false},"excerpt":{"rendered":"<p>[vc_row][vc_column width=&#8220;1\/3&#8243;][vc_column_text] Flughafen Zadar Ulica I\/2A, 23222 Zemunik Donji, Kroatien E-mail:\u00a0info@zadar-airport.hr Tel: +385 (0)23 205 800 www.zadar-airport.hr[\/vc_column_text][\/vc_column][vc_column width=&#8220;1\/3&#8243;][vc_column_text] Flughafen Split Cesta dr. Franje Tu\u0111mana 1270 21217<span class=\"excerpt-hellip\"> [\u2026]<\/span><\/p>\n","protected":false},"author":2,"featured_media":0,"parent":0,"menu_order":0,"comment_status":"closed","ping_status":"closed","template":"","meta":[],"yoast_head":"<!-- This site is optimized with the Yoast SEO plugin v20.10 - https:\/\/yoast.com\/wordpress\/plugins\/seo\/ -->\n<title>Flugh\u00e4fen - Kornati Yachting<\/title>\n<meta name=\"robots\" content=\"index, follow, max-snippet:-1, max-image-preview:large, max-video-preview:-1\" \/>\n<link rel=\"canonical\" href=\"https:\/\/kornatiyachting.hr\/de\/flughaefen\/\" \/>\n<meta property=\"og:locale\" content=\"de_DE\" \/>\n<meta property=\"og:type\" content=\"article\" \/>\n<meta property=\"og:title\" content=\"Flugh\u00e4fen - Kornati Yachting\" \/>\n<meta property=\"og:description\" content=\"[vc_row][vc_column width=&#8220;1\/3&#8243;][vc_column_text] Flughafen Zadar Ulica I\/2A, 23222 Zemunik Donji, Kroatien E-mail:\u00a0info@zadar-airport.hr Tel: +385 (0)23 205 800 www.zadar-airport.hr[\/vc_column_text][\/vc_column][vc_column width=&#8220;1\/3&#8243;][vc_column_text] Flughafen Split Cesta dr. Franje Tu\u0111mana 1270 21217 [\u2026]\" \/>\n<meta property=\"og:url\" content=\"https:\/\/kornatiyachting.hr\/de\/flughaefen\/\" \/>\n<meta property=\"og:site_name\" content=\"Kornati Yachting\" \/>\n<meta property=\"article:modified_time\" content=\"2023-01-25T20:25:39+00:00\" \/>\n<meta name=\"twitter:card\" content=\"summary_large_image\" \/>\n<meta name=\"twitter:label1\" content=\"Gesch\u00e4tzte Lesezeit\" \/>\n\t<meta name=\"twitter:data1\" content=\"1\u00a0Minute\" \/>\n<script type=\"application\/ld+json\" class=\"yoast-schema-graph\">{\"@context\":\"https:\/\/schema.org\",\"@graph\":[{\"@type\":\"WebPage\",\"@id\":\"https:\/\/kornatiyachting.hr\/de\/flughaefen\/\",\"url\":\"https:\/\/kornatiyachting.hr\/de\/flughaefen\/\",\"name\":\"Flugh\u00e4fen - Kornati Yachting\",\"isPartOf\":{\"@id\":\"https:\/\/kornatiyachting.hr\/#website\"},\"datePublished\":\"2020-02-23T20:03:49+00:00\",\"dateModified\":\"2023-01-25T20:25:39+00:00\",\"breadcrumb\":{\"@id\":\"https:\/\/kornatiyachting.hr\/de\/flughaefen\/#breadcrumb\"},\"inLanguage\":\"de\",\"potentialAction\":[{\"@type\":\"ReadAction\",\"target\":[\"https:\/\/kornatiyachting.hr\/de\/flughaefen\/\"]}]},{\"@type\":\"BreadcrumbList\",\"@id\":\"https:\/\/kornatiyachting.hr\/de\/flughaefen\/#breadcrumb\",\"itemListElement\":[{\"@type\":\"ListItem\",\"position\":1,\"name\":\"Po\u010detna stranica\",\"item\":\"https:\/\/kornatiyachting.hr\/de\/\"},{\"@type\":\"ListItem\",\"position\":2,\"name\":\"Flugh\u00e4fen\"}]},{\"@type\":\"WebSite\",\"@id\":\"https:\/\/kornatiyachting.hr\/#website\",\"url\":\"https:\/\/kornatiyachting.hr\/\",\"name\":\"Kornati Yachting\",\"description\":\"\",\"potentialAction\":[{\"@type\":\"SearchAction\",\"target\":{\"@type\":\"EntryPoint\",\"urlTemplate\":\"https:\/\/kornatiyachting.hr\/?s={search_term_string}\"},\"query-input\":\"required name=search_term_string\"}],\"inLanguage\":\"de\"}]}<\/script>\n<!-- \/ Yoast SEO plugin. -->","yoast_head_json":{"title":"Flugh\u00e4fen - Kornati Yachting","robots":{"index":"index","follow":"follow","max-snippet":"max-snippet:-1","max-image-preview":"max-image-preview:large","max-video-preview":"max-video-preview:-1"},"canonical":"https:\/\/kornatiyachting.hr\/de\/flughaefen\/","og_locale":"de_DE","og_type":"article","og_title":"Flugh\u00e4fen - Kornati Yachting","og_description":"[vc_row][vc_column width=&#8220;1\/3&#8243;][vc_column_text] Flughafen Zadar Ulica I\/2A, 23222 Zemunik Donji, Kroatien E-mail:\u00a0info@zadar-airport.hr Tel: +385 (0)23 205 800 www.zadar-airport.hr[\/vc_column_text][\/vc_column][vc_column width=&#8220;1\/3&#8243;][vc_column_text] Flughafen Split Cesta dr. Franje Tu\u0111mana 1270 21217 [\u2026]","og_url":"https:\/\/kornatiyachting.hr\/de\/flughaefen\/","og_site_name":"Kornati Yachting","article_modified_time":"2023-01-25T20:25:39+00:00","twitter_card":"summary_large_image","twitter_misc":{"Gesch\u00e4tzte Lesezeit":"1\u00a0Minute"},"schema":{"@context":"https:\/\/schema.org","@graph":[{"@type":"WebPage","@id":"https:\/\/kornatiyachting.hr\/de\/flughaefen\/","url":"https:\/\/kornatiyachting.hr\/de\/flughaefen\/","name":"Flugh\u00e4fen - Kornati Yachting","isPartOf":{"@id":"https:\/\/kornatiyachting.hr\/#website"},"datePublished":"2020-02-23T20:03:49+00:00","dateModified":"2023-01-25T20:25:39+00:00","breadcrumb":{"@id":"https:\/\/kornatiyachting.hr\/de\/flughaefen\/#breadcrumb"},"inLanguage":"de","potentialAction":[{"@type":"ReadAction","target":["https:\/\/kornatiyachting.hr\/de\/flughaefen\/"]}]},{"@type":"BreadcrumbList","@id":"https:\/\/kornatiyachting.hr\/de\/flughaefen\/#breadcrumb","itemListElement":[{"@type":"ListItem","position":1,"name":"Po\u010detna stranica","item":"https:\/\/kornatiyachting.hr\/de\/"},{"@type":"ListItem","position":2,"name":"Flugh\u00e4fen"}]},{"@type":"WebSite","@id":"https:\/\/kornatiyachting.hr\/#website","url":"https:\/\/kornatiyachting.hr\/","name":"Kornati Yachting","description":"","potentialAction":[{"@type":"SearchAction","target":{"@type":"EntryPoint","urlTemplate":"https:\/\/kornatiyachting.hr\/?s={search_term_string}"},"query-input":"required name=search_term_string"}],"inLanguage":"de"}]}},"_links":{"self":[{"href":"https:\/\/kornatiyachting.hr\/de\/wp-json\/wp\/v2\/pages\/533"}],"collection":[{"href":"https:\/\/kornatiyachting.hr\/de\/wp-json\/wp\/v2\/pages"}],"about":[{"href":"https:\/\/kornatiyachting.hr\/de\/wp-json\/wp\/v2\/types\/page"}],"author":[{"embeddable":true,"href":"https:\/\/kornatiyachting.hr\/de\/wp-json\/wp\/v2\/users\/2"}],"replies":[{"embeddable":true,"href":"https:\/\/kornatiyachting.hr\/de\/wp-json\/wp\/v2\/comments?post=533"}],"version-history":[{"count":5,"href":"https:\/\/kornatiyachting.hr\/de\/wp-json\/wp\/v2\/pages\/533\/revisions"}],"predecessor-version":[{"id":848,"href":"https:\/\/kornatiyachting.hr\/de\/wp-json\/wp\/v2\/pages\/533\/revisions\/848"}],"wp:attachment":[{"href":"https:\/\/kornatiyachting.hr\/de\/wp-json\/wp\/v2\/media?parent=533"}],"curies":[{"name":"wp","href":"https:\/\/api.w.org\/{rel}","templated":true}]}}